{"id":49,"date":"2022-11-07T10:33:13","date_gmt":"2022-11-07T10:33:13","guid":{"rendered":"https:\/\/theatercafe.de\/?page_id=49"},"modified":"2022-11-07T10:34:25","modified_gmt":"2022-11-07T10:34:25","slug":"theatercafes","status":"publish","type":"page","link":"https:\/\/theatercafe.de\/?page_id=49","title":{"rendered":"Theatercafes"},"content":{"rendered":"\n<p><\/p>\n\n\n\n<ul>\n<li>Theatercafe Zeppelinstr. 7 88212 Ravensburg<\/li>\n\n\n\n<li>Theatercaf\u00e9 Reichlestr. 4 \u2013 1 88212 Ravensburg<\/li>\n\n\n\n<li>Theatercafe Linggstr. 6 88131 Lindau<\/li>\n\n\n\n<li>Theatercafe Konrad-Adenauer-Pl. 7 51465 Bergisch Gladbach<\/li>\n\n\n\n<li>Theatercafe im Haus im Park Gr\u00e4pelweg 2 21029 Hamburg<\/li>\n\n\n\n<li>Theatercafe Arnulfsplatz 6 93047 Regensburg<\/li>\n\n\n\n<li>Theatercafe Schlossergasse 387 86899 Landsberg<\/li>\n\n\n\n<li>Theatercafe Ottmar-Weis-Str. 3 82487 Oberammergau<\/li>\n\n\n\n<li>Theatercafe Carl Schubart KG Mohrenstr. 11 96450 Coburg<\/li>\n\n\n\n<li>Theatercafe \u201eBlauer Engel\u201c Zollstr. 19 39114 Magdeburg<\/li>\n\n\n\n<li>Theatercafe&nbsp; Dachauplatz 1 93047 Regensburg<\/li>\n\n\n\n<li>Theatercafe&nbsp; \u00c4u\u00dfere Sulzbacher Str. 60 90491 N\u00fcrnberg<\/li>\n\n\n\n<li>Theatercafe&nbsp; Friedensallee 20 22765 Hamburg<\/li>\n\n\n\n<li>Theatercaf\u00e9 Linol-Odenk. Str. 78 41236 M\u00f6nchengladbach<\/li>\n\n\n\n<li>Theater Caf\u00e9&nbsp; GmbH Anklamer Str. 106-108 17489&nbsp;Greifswald<\/li>\n\n\n\n<li>Theatercafe Theaterstr. 5 91054 Erlangen<\/li>\n\n\n\n<li>Theater-Caf\u00e9 Strohstr. 6 73728 Esslingen<\/li>\n\n\n\n<li>Theatercafe Im Depot&nbsp; Landhausstr. 188 70188 Stuttgart<\/li>\n\n\n\n<li>Theatercafe Fundus&nbsp; Willy-Brandt-Platz 1 60311 Frankfurt<\/li>\n\n\n\n<li>Theatercafe Theaterges. Petersilienstr. 24 03044 Cottbus<\/li>\n\n\n\n<li>Theatercafe An den Schanzen 12 97421 Schweinfurt<\/li>\n\n\n\n<li>Theatercafe Gerhart-Hauptmann-Str. 3 \u2013 4 15234 Frankfurt<\/li>\n\n\n\n<li>Theatercafe Schlo\u00dfgarten 1 99310 Arnstadt<\/li>\n\n\n\n<li>Theatercafe &amp; Sachsenhof-St\u00fcbl&nbsp;&nbsp; Badstr. 21 08645 Bad Elster<\/li>\n\n\n\n<li>Theatercafe&nbsp; Marktplatz 1 17033 Neubrandenburg<\/li>\n\n\n\n<li>Theater Caf\u00e9&nbsp; Ludwigstr. 1a 97070 W\u00fcrzburg<\/li>\n\n\n\n<li>Theatercafe Quadrille GmbH Bertoldstr. 46 79098 Freiburg<\/li>\n\n\n\n<li>Theaterhof im Kolpinghaus Oelstr. 8 46446 Emmerich<\/li>\n\n\n\n<li>Theatercafe Jahnstr. 3 40215 D\u00fcsseldorf<\/li>\n\n\n\n<li>Theater \u2013 Cafe Theaterplatz 1 a 99423 Weimar<\/li>\n\n\n\n<li>Theatercafe Arnstadt Schlo\u00dfgarten 99310 Arnstadt<\/li>\n\n\n\n<li>Theater-Cafe&nbsp; Konzilstr. 3 78462 Konstanz<\/li>\n\n\n\n<li>Theatercafe&nbsp; Schillerg\u00e4\u00dfchen 1 07745 Jena<\/li>\n\n\n\n<li>Theatercafe GANYMED GmbH Theaterplatz 1 08523 Plauen<\/li>\n\n\n\n<li>Theatercafe M\u00fcnster&nbsp; Neubr\u00fcckenstr. 63 48143 M\u00fcnster<\/li>\n\n\n\n<li>Theater-Cafe Oststr. 20 42551 Velbert<\/li>\n\n\n\n<li>Theatercafe Astede 26 26340 Zetel<\/li>\n\n\n\n<li>Theatercafe&nbsp; Bismarckplatz 7 93047 Regensburg<\/li>\n\n\n\n<li>Theatercafe; teinstr. 20 39418 Sta\u00dffurt<\/li>\n\n\n\n<li>Theatercafe-Bistro F\u00fcrst-Wilhelm-Str. 40 72488 Sigmaringen<\/li>\n\n\n\n<li>Theatercaf\u00e8&nbsp; Steakhaus Theaterplatz 9 04600 Altenburg<\/li>\n\n\n\n<li>Theatercaf\u00e9 &nbsp; Hallstr. 54 39576 Stendal<\/li>\n<\/ul>\n\n\n\n<p><\/p>\n","protected":false},"excerpt":{"rendered":"","protected":false},"author":1,"featured_media":0,"parent":0,"menu_order":0,"comment_status":"closed","ping_status":"closed","template":"","meta":[],"_links":{"self":[{"href":"https:\/\/theatercafe.de\/index.php?rest_route=\/wp\/v2\/pages\/49"}],"collection":[{"href":"https:\/\/theatercafe.de\/index.php?rest_route=\/wp\/v2\/pages"}],"about":[{"href":"https:\/\/theatercafe.de\/index.php?rest_route=\/wp\/v2\/types\/page"}],"author":[{"embeddable":true,"href":"https:\/\/theatercafe.de\/index.php?rest_route=\/wp\/v2\/users\/1"}],"replies":[{"embeddable":true,"href":"https:\/\/theatercafe.de\/index.php?rest_route=%2Fwp%2Fv2%2Fcomments&post=49"}],"version-history":[{"count":2,"href":"https:\/\/theatercafe.de\/index.php?rest_route=\/wp\/v2\/pages\/49\/revisions"}],"predecessor-version":[{"id":54,"href":"https:\/\/theatercafe.de\/index.php?rest_route=\/wp\/v2\/pages\/49\/revisions\/54"}],"wp:attachment":[{"href":"https:\/\/theatercafe.de\/index.php?rest_route=%2Fwp%2Fv2%2Fmedia&parent=49"}],"curies":[{"name":"wp","href":"https:\/\/api.w.org\/{rel}","templated":true}]}}